{"id":49,"date":"2023-09-30T22:15:27","date_gmt":"2023-09-30T20:15:27","guid":{"rendered":"https:\/\/lescreationsdeluce.fr\/?post_type=product&#038;p=49"},"modified":"2025-08-31T14:53:54","modified_gmt":"2025-08-31T12:53:54","slug":"bracelet-homme","status":"publish","type":"product","link":"https:\/\/lescreationsdeluce.fr\/index.php\/produit\/bracelet-homme\/","title":{"rendered":"Bracelets Homme"},"content":{"rendered":"","protected":false},"excerpt":{"rendered":"<p>Bracelets en pierres semi-pr\u00e9cieuses<\/p>\n","protected":false},"featured_media":1847,"comment_status":"open","ping_status":"closed","template":"","meta":[],"product_brand":[],"product_cat":[20],"product_tag":[],"class_list":{"0":"post-49","1":"product","2":"type-product","3":"status-publish","4":"has-post-thumbnail","6":"product_cat-homme","8":"entry","9":"has-media","11":"first","12":"instock","13":"taxable","14":"shipping-taxable","15":"purchasable","16":"product-type-variable","17":"has-default-attributes","18":"has-product-nav","19":"col","20":"span_1_of_3","21":"owp-content-center","22":"owp-thumbs-layout-horizontal","23":"owp-btn-normal","24":"owp-tabs-layout-horizontal"},"yoast_head":"<!-- This site is optimized with the Yoast SEO plugin v21.6 - https:\/\/yoast.com\/wordpress\/plugins\/seo\/ -->\n<title>Bracelets Homme |Cr\u00e9ations fran\u00e7aises - Les Cr\u00e9ations de Luce |Livraison gratuite (voir condition)<\/title>\n<meta name=\"description\" content=\"Cliquez ici pour d\u00e9couvrir toute la gamme Bracelets Homme et les autres Cr\u00e9ations de Luce!\" \/>\n<meta name=\"robots\" content=\"index, follow, max-snippet:-1, max-image-preview:large, max-video-preview:-1\" \/>\n<link rel=\"canonical\" href=\"https:\/\/lescreationsdeluce.fr\/index.php\/produit\/bracelet-homme\/\" \/>\n<meta property=\"og:locale\" content=\"en_US\" \/>\n<meta property=\"og:type\" content=\"article\" \/>\n<meta property=\"og:title\" content=\"Bracelets Homme |Cr\u00e9ations fran\u00e7aises - Les Cr\u00e9ations de Luce |Livraison gratuite (voir condition)\" \/>\n<meta property=\"og:description\" content=\"Cliquez ici pour d\u00e9couvrir toute la gamme Bracelets Homme et les autres Cr\u00e9ations de Luce!\" \/>\n<meta property=\"og:url\" content=\"https:\/\/lescreationsdeluce.fr\/index.php\/produit\/bracelet-homme\/\" \/>\n<meta property=\"og:site_name\" content=\"Les Cr\u00e9ations de Luce\" \/>\n<meta property=\"article:publisher\" content=\"https:\/\/www.facebook.com\/people\/Cr%c3%a9ations-De-Luce\/100072320003369\/\" \/>\n<meta property=\"article:modified_time\" content=\"2025-08-31T12:53:54+00:00\" \/>\n<meta property=\"og:image\" content=\"https:\/\/lescreationsdeluce.fr\/wp-content\/uploads\/2023\/09\/Oeil-de-tigre-scaled.webp\" \/>\n\t<meta property=\"og:image:width\" content=\"1792\" \/>\n\t<meta property=\"og:image:height\" content=\"2560\" \/>\n\t<meta property=\"og:image:type\" content=\"image\/webp\" \/>\n<meta name=\"twitter:card\" content=\"summary_large_image\" \/>\n<script type=\"application\/ld+json\" class=\"yoast-schema-graph\">{\"@context\":\"https:\/\/schema.org\",\"@graph\":[{\"@type\":\"WebPage\",\"@id\":\"https:\/\/lescreationsdeluce.fr\/index.php\/produit\/bracelet-homme\/\",\"url\":\"https:\/\/lescreationsdeluce.fr\/index.php\/produit\/bracelet-homme\/\",\"name\":\"Bracelets Homme |Cr\u00e9ations fran\u00e7aises - Les Cr\u00e9ations de Luce |Livraison gratuite (voir condition)\",\"isPartOf\":{\"@id\":\"https:\/\/lescreationsdeluce.fr\/#website\"},\"datePublished\":\"2023-09-30T20:15:27+00:00\",\"dateModified\":\"2025-08-31T12:53:54+00:00\",\"description\":\"Cliquez ici pour d\u00e9couvrir toute la gamme Bracelets Homme et les autres Cr\u00e9ations de Luce!\",\"breadcrumb\":{\"@id\":\"https:\/\/lescreationsdeluce.fr\/index.php\/produit\/bracelet-homme\/#breadcrumb\"},\"inLanguage\":\"en-US\",\"potentialAction\":[{\"@type\":\"ReadAction\",\"target\":[\"https:\/\/lescreationsdeluce.fr\/index.php\/produit\/bracelet-homme\/\"]}]},{\"@type\":\"BreadcrumbList\",\"@id\":\"https:\/\/lescreationsdeluce.fr\/index.php\/produit\/bracelet-homme\/#breadcrumb\",\"itemListElement\":[{\"@type\":\"ListItem\",\"position\":1,\"name\":\"Accueil\",\"item\":\"https:\/\/lescreationsdeluce.fr\/\"},{\"@type\":\"ListItem\",\"position\":2,\"name\":\"Boutique pleine largeur\",\"item\":\"https:\/\/lescreationsdeluce.fr\/index.php\/shop-full-width\/\"},{\"@type\":\"ListItem\",\"position\":3,\"name\":\"Bracelets Homme\"}]},{\"@type\":\"WebSite\",\"@id\":\"https:\/\/lescreationsdeluce.fr\/#website\",\"url\":\"https:\/\/lescreationsdeluce.fr\/\",\"name\":\"Les Cr\u00e9ations de Luce\",\"description\":\"Parce que se faire plaisir c&#039;est vivre ....\",\"publisher\":{\"@id\":\"https:\/\/lescreationsdeluce.fr\/#organization\"},\"potentialAction\":[{\"@type\":\"SearchAction\",\"target\":{\"@type\":\"EntryPoint\",\"urlTemplate\":\"https:\/\/lescreationsdeluce.fr\/?s={search_term_string}\"},\"query-input\":\"required name=search_term_string\"}],\"inLanguage\":\"en-US\"},{\"@type\":\"Organization\",\"@id\":\"https:\/\/lescreationsdeluce.fr\/#organization\",\"name\":\"Les Cr\u00e9ations de Luce\",\"url\":\"https:\/\/lescreationsdeluce.fr\/\",\"logo\":{\"@type\":\"ImageObject\",\"inLanguage\":\"en-US\",\"@id\":\"https:\/\/lescreationsdeluce.fr\/#\/schema\/logo\/image\/\",\"url\":\"https:\/\/lescreationsdeluce.fr\/wp-content\/uploads\/2023\/10\/Logo_les-creations-de-Luce_reduit.png\",\"contentUrl\":\"https:\/\/lescreationsdeluce.fr\/wp-content\/uploads\/2023\/10\/Logo_les-creations-de-Luce_reduit.png\",\"width\":1748,\"height\":958,\"caption\":\"Les Cr\u00e9ations de Luce\"},\"image\":{\"@id\":\"https:\/\/lescreationsdeluce.fr\/#\/schema\/logo\/image\/\"},\"sameAs\":[\"https:\/\/www.facebook.com\/people\/Cr\u00e9ations-De-Luce\/100072320003369\/\"]}]}<\/script>\n<!-- \/ Yoast SEO plugin. -->","yoast_head_json":{"title":"Bracelets Homme |Cr\u00e9ations fran\u00e7aises - Les Cr\u00e9ations de Luce |Livraison gratuite (voir condition)","description":"Cliquez ici pour d\u00e9couvrir toute la gamme Bracelets Homme et les autres Cr\u00e9ations de Luce!","robots":{"index":"index","follow":"follow","max-snippet":"max-snippet:-1","max-image-preview":"max-image-preview:large","max-video-preview":"max-video-preview:-1"},"canonical":"https:\/\/lescreationsdeluce.fr\/index.php\/produit\/bracelet-homme\/","og_locale":"en_US","og_type":"article","og_title":"Bracelets Homme |Cr\u00e9ations fran\u00e7aises - Les Cr\u00e9ations de Luce |Livraison gratuite (voir condition)","og_description":"Cliquez ici pour d\u00e9couvrir toute la gamme Bracelets Homme et les autres Cr\u00e9ations de Luce!","og_url":"https:\/\/lescreationsdeluce.fr\/index.php\/produit\/bracelet-homme\/","og_site_name":"Les Cr\u00e9ations de Luce","article_publisher":"https:\/\/www.facebook.com\/people\/Cr%c3%a9ations-De-Luce\/100072320003369\/","article_modified_time":"2025-08-31T12:53:54+00:00","og_image":[{"width":1792,"height":2560,"url":"https:\/\/lescreationsdeluce.fr\/wp-content\/uploads\/2023\/09\/Oeil-de-tigre-scaled.webp","type":"image\/webp"}],"twitter_card":"summary_large_image","schema":{"@context":"https:\/\/schema.org","@graph":[{"@type":"WebPage","@id":"https:\/\/lescreationsdeluce.fr\/index.php\/produit\/bracelet-homme\/","url":"https:\/\/lescreationsdeluce.fr\/index.php\/produit\/bracelet-homme\/","name":"Bracelets Homme |Cr\u00e9ations fran\u00e7aises - Les Cr\u00e9ations de Luce |Livraison gratuite (voir condition)","isPartOf":{"@id":"https:\/\/lescreationsdeluce.fr\/#website"},"datePublished":"2023-09-30T20:15:27+00:00","dateModified":"2025-08-31T12:53:54+00:00","description":"Cliquez ici pour d\u00e9couvrir toute la gamme Bracelets Homme et les autres Cr\u00e9ations de Luce!","breadcrumb":{"@id":"https:\/\/lescreationsdeluce.fr\/index.php\/produit\/bracelet-homme\/#breadcrumb"},"inLanguage":"en-US","potentialAction":[{"@type":"ReadAction","target":["https:\/\/lescreationsdeluce.fr\/index.php\/produit\/bracelet-homme\/"]}]},{"@type":"BreadcrumbList","@id":"https:\/\/lescreationsdeluce.fr\/index.php\/produit\/bracelet-homme\/#breadcrumb","itemListElement":[{"@type":"ListItem","position":1,"name":"Accueil","item":"https:\/\/lescreationsdeluce.fr\/"},{"@type":"ListItem","position":2,"name":"Boutique pleine largeur","item":"https:\/\/lescreationsdeluce.fr\/index.php\/shop-full-width\/"},{"@type":"ListItem","position":3,"name":"Bracelets Homme"}]},{"@type":"WebSite","@id":"https:\/\/lescreationsdeluce.fr\/#website","url":"https:\/\/lescreationsdeluce.fr\/","name":"Les Cr\u00e9ations de Luce","description":"Parce que se faire plaisir c&#039;est vivre ....","publisher":{"@id":"https:\/\/lescreationsdeluce.fr\/#organization"},"potentialAction":[{"@type":"SearchAction","target":{"@type":"EntryPoint","urlTemplate":"https:\/\/lescreationsdeluce.fr\/?s={search_term_string}"},"query-input":"required name=search_term_string"}],"inLanguage":"en-US"},{"@type":"Organization","@id":"https:\/\/lescreationsdeluce.fr\/#organization","name":"Les Cr\u00e9ations de Luce","url":"https:\/\/lescreationsdeluce.fr\/","logo":{"@type":"ImageObject","inLanguage":"en-US","@id":"https:\/\/lescreationsdeluce.fr\/#\/schema\/logo\/image\/","url":"https:\/\/lescreationsdeluce.fr\/wp-content\/uploads\/2023\/10\/Logo_les-creations-de-Luce_reduit.png","contentUrl":"https:\/\/lescreationsdeluce.fr\/wp-content\/uploads\/2023\/10\/Logo_les-creations-de-Luce_reduit.png","width":1748,"height":958,"caption":"Les Cr\u00e9ations de Luce"},"image":{"@id":"https:\/\/lescreationsdeluce.fr\/#\/schema\/logo\/image\/"},"sameAs":["https:\/\/www.facebook.com\/people\/Cr\u00e9ations-De-Luce\/100072320003369\/"]}]}},"jetpack_sharing_enabled":true,"_links":{"self":[{"href":"https:\/\/lescreationsdeluce.fr\/index.php\/wp-json\/wp\/v2\/product\/49","targetHints":{"allow":["GET"]}}],"collection":[{"href":"https:\/\/lescreationsdeluce.fr\/index.php\/wp-json\/wp\/v2\/product"}],"about":[{"href":"https:\/\/lescreationsdeluce.fr\/index.php\/wp-json\/wp\/v2\/types\/product"}],"replies":[{"embeddable":true,"href":"https:\/\/lescreationsdeluce.fr\/index.php\/wp-json\/wp\/v2\/comments?post=49"}],"wp:featuredmedia":[{"embeddable":true,"href":"https:\/\/lescreationsdeluce.fr\/index.php\/wp-json\/wp\/v2\/media\/1847"}],"wp:attachment":[{"href":"https:\/\/lescreationsdeluce.fr\/index.php\/wp-json\/wp\/v2\/media?parent=49"}],"wp:term":[{"taxonomy":"product_brand","embeddable":true,"href":"https:\/\/lescreationsdeluce.fr\/index.php\/wp-json\/wp\/v2\/product_brand?post=49"},{"taxonomy":"product_cat","embeddable":true,"href":"https:\/\/lescreationsdeluce.fr\/index.php\/wp-json\/wp\/v2\/product_cat?post=49"},{"taxonomy":"product_tag","embeddable":true,"href":"https:\/\/lescreationsdeluce.fr\/index.php\/wp-json\/wp\/v2\/product_tag?post=49"}],"curies":[{"name":"wp","href":"https:\/\/api.w.org\/{rel}","templated":true}]}}