{"id":2354,"date":"2025-07-31T16:36:10","date_gmt":"2025-07-31T14:36:10","guid":{"rendered":"https:\/\/lescreationsdeluce.fr\/?post_type=product&#038;p=2354"},"modified":"2025-08-31T15:58:29","modified_gmt":"2025-08-31T13:58:29","slug":"barrette-pour-cheveux","status":"publish","type":"product","link":"https:\/\/lescreationsdeluce.fr\/index.php\/produit\/barrette-pour-cheveux\/","title":{"rendered":"Barrette pour cheveux"},"content":{"rendered":"<p>Diff\u00e9rents mod\u00e8les de barrettes pour cheveux.<\/p>\n<p>Pince id\u00e9ale pour cheveux fins et \u00e9pais.<\/p>\n","protected":false},"excerpt":{"rendered":"<p>Barrettes pour cheveux.<\/p>\n<p>Mod\u00e8les uniques.<\/p>\n","protected":false},"featured_media":2363,"comment_status":"open","ping_status":"closed","template":"","meta":[],"product_brand":[],"product_cat":[94],"product_tag":[111,109,110,108,107],"class_list":{"0":"post-2354","1":"product","2":"type-product","3":"status-publish","4":"has-post-thumbnail","6":"product_cat-accessoires","7":"product_tag-fleurs-multicolores","8":"product_tag-fleurs-roses","9":"product_tag-petite-fille","10":"product_tag-rose-brillant","11":"product_tag-velo","13":"entry","14":"has-media","16":"first","17":"instock","18":"sold-individually","19":"taxable","20":"shipping-taxable","21":"purchasable","22":"product-type-variable","23":"has-product-nav","24":"col","25":"span_1_of_3","26":"owp-content-center","27":"owp-thumbs-layout-horizontal","28":"owp-btn-normal","29":"owp-tabs-layout-horizontal"},"yoast_head":"<!-- This site is optimized with the Yoast SEO plugin v21.6 - https:\/\/yoast.com\/wordpress\/plugins\/seo\/ -->\n<title>Barrette pour cheveux |Cr\u00e9ations fran\u00e7aises - Les Cr\u00e9ations de Luce |Livraison gratuite (voir condition)<\/title>\n<meta name=\"description\" content=\"Cliquez ici pour d\u00e9couvrir toute la gamme Barrette pour cheveux et les autres Cr\u00e9ations de Luce!\" \/>\n<meta name=\"robots\" content=\"index, follow, max-snippet:-1, max-image-preview:large, max-video-preview:-1\" \/>\n<link rel=\"canonical\" href=\"https:\/\/lescreationsdeluce.fr\/index.php\/produit\/barrette-pour-cheveux\/\" \/>\n<meta property=\"og:locale\" content=\"en_US\" \/>\n<meta property=\"og:type\" content=\"article\" \/>\n<meta property=\"og:title\" content=\"Barrette pour cheveux |Cr\u00e9ations fran\u00e7aises - Les Cr\u00e9ations de Luce |Livraison gratuite (voir condition)\" \/>\n<meta property=\"og:description\" content=\"Cliquez ici pour d\u00e9couvrir toute la gamme Barrette pour cheveux et les autres Cr\u00e9ations de Luce!\" \/>\n<meta property=\"og:url\" content=\"https:\/\/lescreationsdeluce.fr\/index.php\/produit\/barrette-pour-cheveux\/\" \/>\n<meta property=\"og:site_name\" content=\"Les Cr\u00e9ations de Luce\" \/>\n<meta property=\"article:publisher\" content=\"https:\/\/www.facebook.com\/people\/Cr%c3%a9ations-De-Luce\/100072320003369\/\" \/>\n<meta property=\"article:modified_time\" content=\"2025-08-31T13:58:29+00:00\" \/>\n<meta property=\"og:image\" content=\"https:\/\/lescreationsdeluce.fr\/wp-content\/uploads\/2025\/07\/IMG_20250731_160632-1.jpg\" \/>\n\t<meta property=\"og:image:width\" content=\"1893\" \/>\n\t<meta property=\"og:image:height\" content=\"1455\" \/>\n\t<meta property=\"og:image:type\" content=\"image\/jpeg\" \/>\n<meta name=\"twitter:card\" content=\"summary_large_image\" \/>\n<meta name=\"twitter:label1\" content=\"Est. reading time\" \/>\n\t<meta name=\"twitter:data1\" content=\"1 minute\" \/>\n<script type=\"application\/ld+json\" class=\"yoast-schema-graph\">{\"@context\":\"https:\/\/schema.org\",\"@graph\":[{\"@type\":\"WebPage\",\"@id\":\"https:\/\/lescreationsdeluce.fr\/index.php\/produit\/barrette-pour-cheveux\/\",\"url\":\"https:\/\/lescreationsdeluce.fr\/index.php\/produit\/barrette-pour-cheveux\/\",\"name\":\"Barrette pour cheveux |Cr\u00e9ations fran\u00e7aises - Les Cr\u00e9ations de Luce |Livraison gratuite (voir condition)\",\"isPartOf\":{\"@id\":\"https:\/\/lescreationsdeluce.fr\/#website\"},\"datePublished\":\"2025-07-31T14:36:10+00:00\",\"dateModified\":\"2025-08-31T13:58:29+00:00\",\"description\":\"Cliquez ici pour d\u00e9couvrir toute la gamme Barrette pour cheveux et les autres Cr\u00e9ations de Luce!\",\"breadcrumb\":{\"@id\":\"https:\/\/lescreationsdeluce.fr\/index.php\/produit\/barrette-pour-cheveux\/#breadcrumb\"},\"inLanguage\":\"en-US\",\"potentialAction\":[{\"@type\":\"ReadAction\",\"target\":[\"https:\/\/lescreationsdeluce.fr\/index.php\/produit\/barrette-pour-cheveux\/\"]}]},{\"@type\":\"BreadcrumbList\",\"@id\":\"https:\/\/lescreationsdeluce.fr\/index.php\/produit\/barrette-pour-cheveux\/#breadcrumb\",\"itemListElement\":[{\"@type\":\"ListItem\",\"position\":1,\"name\":\"Accueil\",\"item\":\"https:\/\/lescreationsdeluce.fr\/\"},{\"@type\":\"ListItem\",\"position\":2,\"name\":\"Boutique pleine largeur\",\"item\":\"https:\/\/lescreationsdeluce.fr\/index.php\/shop-full-width\/\"},{\"@type\":\"ListItem\",\"position\":3,\"name\":\"Barrette pour cheveux\"}]},{\"@type\":\"WebSite\",\"@id\":\"https:\/\/lescreationsdeluce.fr\/#website\",\"url\":\"https:\/\/lescreationsdeluce.fr\/\",\"name\":\"Les Cr\u00e9ations de Luce\",\"description\":\"Parce que se faire plaisir c&#039;est vivre ....\",\"publisher\":{\"@id\":\"https:\/\/lescreationsdeluce.fr\/#organization\"},\"potentialAction\":[{\"@type\":\"SearchAction\",\"target\":{\"@type\":\"EntryPoint\",\"urlTemplate\":\"https:\/\/lescreationsdeluce.fr\/?s={search_term_string}\"},\"query-input\":\"required name=search_term_string\"}],\"inLanguage\":\"en-US\"},{\"@type\":\"Organization\",\"@id\":\"https:\/\/lescreationsdeluce.fr\/#organization\",\"name\":\"Les Cr\u00e9ations de Luce\",\"url\":\"https:\/\/lescreationsdeluce.fr\/\",\"logo\":{\"@type\":\"ImageObject\",\"inLanguage\":\"en-US\",\"@id\":\"https:\/\/lescreationsdeluce.fr\/#\/schema\/logo\/image\/\",\"url\":\"https:\/\/lescreationsdeluce.fr\/wp-content\/uploads\/2023\/10\/Logo_les-creations-de-Luce_reduit.png\",\"contentUrl\":\"https:\/\/lescreationsdeluce.fr\/wp-content\/uploads\/2023\/10\/Logo_les-creations-de-Luce_reduit.png\",\"width\":1748,\"height\":958,\"caption\":\"Les Cr\u00e9ations de Luce\"},\"image\":{\"@id\":\"https:\/\/lescreationsdeluce.fr\/#\/schema\/logo\/image\/\"},\"sameAs\":[\"https:\/\/www.facebook.com\/people\/Cr\u00e9ations-De-Luce\/100072320003369\/\"]}]}<\/script>\n<!-- \/ Yoast SEO plugin. -->","yoast_head_json":{"title":"Barrette pour cheveux |Cr\u00e9ations fran\u00e7aises - Les Cr\u00e9ations de Luce |Livraison gratuite (voir condition)","description":"Cliquez ici pour d\u00e9couvrir toute la gamme Barrette pour cheveux et les autres Cr\u00e9ations de Luce!","robots":{"index":"index","follow":"follow","max-snippet":"max-snippet:-1","max-image-preview":"max-image-preview:large","max-video-preview":"max-video-preview:-1"},"canonical":"https:\/\/lescreationsdeluce.fr\/index.php\/produit\/barrette-pour-cheveux\/","og_locale":"en_US","og_type":"article","og_title":"Barrette pour cheveux |Cr\u00e9ations fran\u00e7aises - Les Cr\u00e9ations de Luce |Livraison gratuite (voir condition)","og_description":"Cliquez ici pour d\u00e9couvrir toute la gamme Barrette pour cheveux et les autres Cr\u00e9ations de Luce!","og_url":"https:\/\/lescreationsdeluce.fr\/index.php\/produit\/barrette-pour-cheveux\/","og_site_name":"Les Cr\u00e9ations de Luce","article_publisher":"https:\/\/www.facebook.com\/people\/Cr%c3%a9ations-De-Luce\/100072320003369\/","article_modified_time":"2025-08-31T13:58:29+00:00","og_image":[{"width":1893,"height":1455,"url":"https:\/\/lescreationsdeluce.fr\/wp-content\/uploads\/2025\/07\/IMG_20250731_160632-1.jpg","type":"image\/jpeg"}],"twitter_card":"summary_large_image","twitter_misc":{"Est. reading time":"1 minute"},"schema":{"@context":"https:\/\/schema.org","@graph":[{"@type":"WebPage","@id":"https:\/\/lescreationsdeluce.fr\/index.php\/produit\/barrette-pour-cheveux\/","url":"https:\/\/lescreationsdeluce.fr\/index.php\/produit\/barrette-pour-cheveux\/","name":"Barrette pour cheveux |Cr\u00e9ations fran\u00e7aises - Les Cr\u00e9ations de Luce |Livraison gratuite (voir condition)","isPartOf":{"@id":"https:\/\/lescreationsdeluce.fr\/#website"},"datePublished":"2025-07-31T14:36:10+00:00","dateModified":"2025-08-31T13:58:29+00:00","description":"Cliquez ici pour d\u00e9couvrir toute la gamme Barrette pour cheveux et les autres Cr\u00e9ations de Luce!","breadcrumb":{"@id":"https:\/\/lescreationsdeluce.fr\/index.php\/produit\/barrette-pour-cheveux\/#breadcrumb"},"inLanguage":"en-US","potentialAction":[{"@type":"ReadAction","target":["https:\/\/lescreationsdeluce.fr\/index.php\/produit\/barrette-pour-cheveux\/"]}]},{"@type":"BreadcrumbList","@id":"https:\/\/lescreationsdeluce.fr\/index.php\/produit\/barrette-pour-cheveux\/#breadcrumb","itemListElement":[{"@type":"ListItem","position":1,"name":"Accueil","item":"https:\/\/lescreationsdeluce.fr\/"},{"@type":"ListItem","position":2,"name":"Boutique pleine largeur","item":"https:\/\/lescreationsdeluce.fr\/index.php\/shop-full-width\/"},{"@type":"ListItem","position":3,"name":"Barrette pour cheveux"}]},{"@type":"WebSite","@id":"https:\/\/lescreationsdeluce.fr\/#website","url":"https:\/\/lescreationsdeluce.fr\/","name":"Les Cr\u00e9ations de Luce","description":"Parce que se faire plaisir c&#039;est vivre ....","publisher":{"@id":"https:\/\/lescreationsdeluce.fr\/#organization"},"potentialAction":[{"@type":"SearchAction","target":{"@type":"EntryPoint","urlTemplate":"https:\/\/lescreationsdeluce.fr\/?s={search_term_string}"},"query-input":"required name=search_term_string"}],"inLanguage":"en-US"},{"@type":"Organization","@id":"https:\/\/lescreationsdeluce.fr\/#organization","name":"Les Cr\u00e9ations de Luce","url":"https:\/\/lescreationsdeluce.fr\/","logo":{"@type":"ImageObject","inLanguage":"en-US","@id":"https:\/\/lescreationsdeluce.fr\/#\/schema\/logo\/image\/","url":"https:\/\/lescreationsdeluce.fr\/wp-content\/uploads\/2023\/10\/Logo_les-creations-de-Luce_reduit.png","contentUrl":"https:\/\/lescreationsdeluce.fr\/wp-content\/uploads\/2023\/10\/Logo_les-creations-de-Luce_reduit.png","width":1748,"height":958,"caption":"Les Cr\u00e9ations de Luce"},"image":{"@id":"https:\/\/lescreationsdeluce.fr\/#\/schema\/logo\/image\/"},"sameAs":["https:\/\/www.facebook.com\/people\/Cr\u00e9ations-De-Luce\/100072320003369\/"]}]}},"jetpack_sharing_enabled":true,"_links":{"self":[{"href":"https:\/\/lescreationsdeluce.fr\/index.php\/wp-json\/wp\/v2\/product\/2354","targetHints":{"allow":["GET"]}}],"collection":[{"href":"https:\/\/lescreationsdeluce.fr\/index.php\/wp-json\/wp\/v2\/product"}],"about":[{"href":"https:\/\/lescreationsdeluce.fr\/index.php\/wp-json\/wp\/v2\/types\/product"}],"replies":[{"embeddable":true,"href":"https:\/\/lescreationsdeluce.fr\/index.php\/wp-json\/wp\/v2\/comments?post=2354"}],"wp:featuredmedia":[{"embeddable":true,"href":"https:\/\/lescreationsdeluce.fr\/index.php\/wp-json\/wp\/v2\/media\/2363"}],"wp:attachment":[{"href":"https:\/\/lescreationsdeluce.fr\/index.php\/wp-json\/wp\/v2\/media?parent=2354"}],"wp:term":[{"taxonomy":"product_brand","embeddable":true,"href":"https:\/\/lescreationsdeluce.fr\/index.php\/wp-json\/wp\/v2\/product_brand?post=2354"},{"taxonomy":"product_cat","embeddable":true,"href":"https:\/\/lescreationsdeluce.fr\/index.php\/wp-json\/wp\/v2\/product_cat?post=2354"},{"taxonomy":"product_tag","embeddable":true,"href":"https:\/\/lescreationsdeluce.fr\/index.php\/wp-json\/wp\/v2\/product_tag?post=2354"}],"curies":[{"name":"wp","href":"https:\/\/api.w.org\/{rel}","templated":true}]}}