{"id":2351,"date":"2025-07-31T16:26:47","date_gmt":"2025-07-31T14:26:47","guid":{"rendered":"https:\/\/lescreationsdeluce.fr\/?post_type=product&#038;p=2351"},"modified":"2025-08-31T15:56:49","modified_gmt":"2025-08-31T13:56:49","slug":"attache-tetine","status":"publish","type":"product","link":"https:\/\/lescreationsdeluce.fr\/index.php\/produit\/attache-tetine\/","title":{"rendered":"Attache t\u00e9tine"},"content":{"rendered":"<p>Attache t\u00e9tine pour b\u00e9b\u00e9.<\/p>\n<p>Mod\u00e8les uniques.<\/p>\n","protected":false},"excerpt":{"rendered":"<p>Attache t\u00e9tine pour b\u00e9b\u00e9<\/p>\n","protected":false},"featured_media":2353,"comment_status":"open","ping_status":"closed","template":"","meta":[],"product_brand":[],"product_cat":[95],"product_tag":[106,105],"class_list":{"0":"post-2351","1":"product","2":"type-product","3":"status-publish","4":"has-post-thumbnail","6":"product_cat-collection-bebes","7":"product_tag-bleu-jaune-blanc-bois","8":"product_tag-rose-jaune-bleu-bois","10":"entry","11":"has-media","13":"first","14":"instock","15":"sold-individually","16":"taxable","17":"shipping-taxable","18":"purchasable","19":"product-type-variable","20":"has-product-nav","21":"col","22":"span_1_of_3","23":"owp-content-center","24":"owp-thumbs-layout-horizontal","25":"owp-btn-normal","26":"owp-tabs-layout-horizontal"},"yoast_head":"<!-- This site is optimized with the Yoast SEO plugin v21.6 - https:\/\/yoast.com\/wordpress\/plugins\/seo\/ -->\n<title>Attache t\u00e9tine |Cr\u00e9ations fran\u00e7aises - Les Cr\u00e9ations de Luce |Livraison gratuite (voir condition)<\/title>\n<meta name=\"description\" content=\"Cliquez ici pour d\u00e9couvrir toute la gamme Attache t\u00e9tine et les autres Cr\u00e9ations de Luce!\" \/>\n<meta name=\"robots\" content=\"index, follow, max-snippet:-1, max-image-preview:large, max-video-preview:-1\" \/>\n<link rel=\"canonical\" href=\"https:\/\/lescreationsdeluce.fr\/index.php\/produit\/attache-tetine\/\" \/>\n<meta property=\"og:locale\" content=\"en_US\" \/>\n<meta property=\"og:type\" content=\"article\" \/>\n<meta property=\"og:title\" content=\"Attache t\u00e9tine |Cr\u00e9ations fran\u00e7aises - Les Cr\u00e9ations de Luce |Livraison gratuite (voir condition)\" \/>\n<meta property=\"og:description\" content=\"Cliquez ici pour d\u00e9couvrir toute la gamme Attache t\u00e9tine et les autres Cr\u00e9ations de Luce!\" \/>\n<meta property=\"og:url\" content=\"https:\/\/lescreationsdeluce.fr\/index.php\/produit\/attache-tetine\/\" \/>\n<meta property=\"og:site_name\" content=\"Les Cr\u00e9ations de Luce\" \/>\n<meta property=\"article:publisher\" content=\"https:\/\/www.facebook.com\/people\/Cr%c3%a9ations-De-Luce\/100072320003369\/\" \/>\n<meta property=\"article:modified_time\" content=\"2025-08-31T13:56:49+00:00\" \/>\n<meta property=\"og:image\" content=\"https:\/\/lescreationsdeluce.fr\/wp-content\/uploads\/2025\/07\/IMG_20250731_155155.jpg\" \/>\n\t<meta property=\"og:image:width\" content=\"1873\" \/>\n\t<meta property=\"og:image:height\" content=\"2016\" \/>\n\t<meta property=\"og:image:type\" content=\"image\/jpeg\" \/>\n<meta name=\"twitter:card\" content=\"summary_large_image\" \/>\n<meta name=\"twitter:label1\" content=\"Est. reading time\" \/>\n\t<meta name=\"twitter:data1\" content=\"1 minute\" \/>\n<script type=\"application\/ld+json\" class=\"yoast-schema-graph\">{\"@context\":\"https:\/\/schema.org\",\"@graph\":[{\"@type\":\"WebPage\",\"@id\":\"https:\/\/lescreationsdeluce.fr\/index.php\/produit\/attache-tetine\/\",\"url\":\"https:\/\/lescreationsdeluce.fr\/index.php\/produit\/attache-tetine\/\",\"name\":\"Attache t\u00e9tine |Cr\u00e9ations fran\u00e7aises - Les Cr\u00e9ations de Luce |Livraison gratuite (voir condition)\",\"isPartOf\":{\"@id\":\"https:\/\/lescreationsdeluce.fr\/#website\"},\"datePublished\":\"2025-07-31T14:26:47+00:00\",\"dateModified\":\"2025-08-31T13:56:49+00:00\",\"description\":\"Cliquez ici pour d\u00e9couvrir toute la gamme Attache t\u00e9tine et les autres Cr\u00e9ations de Luce!\",\"breadcrumb\":{\"@id\":\"https:\/\/lescreationsdeluce.fr\/index.php\/produit\/attache-tetine\/#breadcrumb\"},\"inLanguage\":\"en-US\",\"potentialAction\":[{\"@type\":\"ReadAction\",\"target\":[\"https:\/\/lescreationsdeluce.fr\/index.php\/produit\/attache-tetine\/\"]}]},{\"@type\":\"BreadcrumbList\",\"@id\":\"https:\/\/lescreationsdeluce.fr\/index.php\/produit\/attache-tetine\/#breadcrumb\",\"itemListElement\":[{\"@type\":\"ListItem\",\"position\":1,\"name\":\"Accueil\",\"item\":\"https:\/\/lescreationsdeluce.fr\/\"},{\"@type\":\"ListItem\",\"position\":2,\"name\":\"Boutique pleine largeur\",\"item\":\"https:\/\/lescreationsdeluce.fr\/index.php\/shop-full-width\/\"},{\"@type\":\"ListItem\",\"position\":3,\"name\":\"Attache t\u00e9tine\"}]},{\"@type\":\"WebSite\",\"@id\":\"https:\/\/lescreationsdeluce.fr\/#website\",\"url\":\"https:\/\/lescreationsdeluce.fr\/\",\"name\":\"Les Cr\u00e9ations de Luce\",\"description\":\"Parce que se faire plaisir c&#039;est vivre ....\",\"publisher\":{\"@id\":\"https:\/\/lescreationsdeluce.fr\/#organization\"},\"potentialAction\":[{\"@type\":\"SearchAction\",\"target\":{\"@type\":\"EntryPoint\",\"urlTemplate\":\"https:\/\/lescreationsdeluce.fr\/?s={search_term_string}\"},\"query-input\":\"required name=search_term_string\"}],\"inLanguage\":\"en-US\"},{\"@type\":\"Organization\",\"@id\":\"https:\/\/lescreationsdeluce.fr\/#organization\",\"name\":\"Les Cr\u00e9ations de Luce\",\"url\":\"https:\/\/lescreationsdeluce.fr\/\",\"logo\":{\"@type\":\"ImageObject\",\"inLanguage\":\"en-US\",\"@id\":\"https:\/\/lescreationsdeluce.fr\/#\/schema\/logo\/image\/\",\"url\":\"https:\/\/lescreationsdeluce.fr\/wp-content\/uploads\/2023\/10\/Logo_les-creations-de-Luce_reduit.png\",\"contentUrl\":\"https:\/\/lescreationsdeluce.fr\/wp-content\/uploads\/2023\/10\/Logo_les-creations-de-Luce_reduit.png\",\"width\":1748,\"height\":958,\"caption\":\"Les Cr\u00e9ations de Luce\"},\"image\":{\"@id\":\"https:\/\/lescreationsdeluce.fr\/#\/schema\/logo\/image\/\"},\"sameAs\":[\"https:\/\/www.facebook.com\/people\/Cr\u00e9ations-De-Luce\/100072320003369\/\"]}]}<\/script>\n<!-- \/ Yoast SEO plugin. -->","yoast_head_json":{"title":"Attache t\u00e9tine |Cr\u00e9ations fran\u00e7aises - Les Cr\u00e9ations de Luce |Livraison gratuite (voir condition)","description":"Cliquez ici pour d\u00e9couvrir toute la gamme Attache t\u00e9tine et les autres Cr\u00e9ations de Luce!","robots":{"index":"index","follow":"follow","max-snippet":"max-snippet:-1","max-image-preview":"max-image-preview:large","max-video-preview":"max-video-preview:-1"},"canonical":"https:\/\/lescreationsdeluce.fr\/index.php\/produit\/attache-tetine\/","og_locale":"en_US","og_type":"article","og_title":"Attache t\u00e9tine |Cr\u00e9ations fran\u00e7aises - Les Cr\u00e9ations de Luce |Livraison gratuite (voir condition)","og_description":"Cliquez ici pour d\u00e9couvrir toute la gamme Attache t\u00e9tine et les autres Cr\u00e9ations de Luce!","og_url":"https:\/\/lescreationsdeluce.fr\/index.php\/produit\/attache-tetine\/","og_site_name":"Les Cr\u00e9ations de Luce","article_publisher":"https:\/\/www.facebook.com\/people\/Cr%c3%a9ations-De-Luce\/100072320003369\/","article_modified_time":"2025-08-31T13:56:49+00:00","og_image":[{"width":1873,"height":2016,"url":"https:\/\/lescreationsdeluce.fr\/wp-content\/uploads\/2025\/07\/IMG_20250731_155155.jpg","type":"image\/jpeg"}],"twitter_card":"summary_large_image","twitter_misc":{"Est. reading time":"1 minute"},"schema":{"@context":"https:\/\/schema.org","@graph":[{"@type":"WebPage","@id":"https:\/\/lescreationsdeluce.fr\/index.php\/produit\/attache-tetine\/","url":"https:\/\/lescreationsdeluce.fr\/index.php\/produit\/attache-tetine\/","name":"Attache t\u00e9tine |Cr\u00e9ations fran\u00e7aises - Les Cr\u00e9ations de Luce |Livraison gratuite (voir condition)","isPartOf":{"@id":"https:\/\/lescreationsdeluce.fr\/#website"},"datePublished":"2025-07-31T14:26:47+00:00","dateModified":"2025-08-31T13:56:49+00:00","description":"Cliquez ici pour d\u00e9couvrir toute la gamme Attache t\u00e9tine et les autres Cr\u00e9ations de Luce!","breadcrumb":{"@id":"https:\/\/lescreationsdeluce.fr\/index.php\/produit\/attache-tetine\/#breadcrumb"},"inLanguage":"en-US","potentialAction":[{"@type":"ReadAction","target":["https:\/\/lescreationsdeluce.fr\/index.php\/produit\/attache-tetine\/"]}]},{"@type":"BreadcrumbList","@id":"https:\/\/lescreationsdeluce.fr\/index.php\/produit\/attache-tetine\/#breadcrumb","itemListElement":[{"@type":"ListItem","position":1,"name":"Accueil","item":"https:\/\/lescreationsdeluce.fr\/"},{"@type":"ListItem","position":2,"name":"Boutique pleine largeur","item":"https:\/\/lescreationsdeluce.fr\/index.php\/shop-full-width\/"},{"@type":"ListItem","position":3,"name":"Attache t\u00e9tine"}]},{"@type":"WebSite","@id":"https:\/\/lescreationsdeluce.fr\/#website","url":"https:\/\/lescreationsdeluce.fr\/","name":"Les Cr\u00e9ations de Luce","description":"Parce que se faire plaisir c&#039;est vivre ....","publisher":{"@id":"https:\/\/lescreationsdeluce.fr\/#organization"},"potentialAction":[{"@type":"SearchAction","target":{"@type":"EntryPoint","urlTemplate":"https:\/\/lescreationsdeluce.fr\/?s={search_term_string}"},"query-input":"required name=search_term_string"}],"inLanguage":"en-US"},{"@type":"Organization","@id":"https:\/\/lescreationsdeluce.fr\/#organization","name":"Les Cr\u00e9ations de Luce","url":"https:\/\/lescreationsdeluce.fr\/","logo":{"@type":"ImageObject","inLanguage":"en-US","@id":"https:\/\/lescreationsdeluce.fr\/#\/schema\/logo\/image\/","url":"https:\/\/lescreationsdeluce.fr\/wp-content\/uploads\/2023\/10\/Logo_les-creations-de-Luce_reduit.png","contentUrl":"https:\/\/lescreationsdeluce.fr\/wp-content\/uploads\/2023\/10\/Logo_les-creations-de-Luce_reduit.png","width":1748,"height":958,"caption":"Les Cr\u00e9ations de Luce"},"image":{"@id":"https:\/\/lescreationsdeluce.fr\/#\/schema\/logo\/image\/"},"sameAs":["https:\/\/www.facebook.com\/people\/Cr\u00e9ations-De-Luce\/100072320003369\/"]}]}},"jetpack_sharing_enabled":true,"_links":{"self":[{"href":"https:\/\/lescreationsdeluce.fr\/index.php\/wp-json\/wp\/v2\/product\/2351","targetHints":{"allow":["GET"]}}],"collection":[{"href":"https:\/\/lescreationsdeluce.fr\/index.php\/wp-json\/wp\/v2\/product"}],"about":[{"href":"https:\/\/lescreationsdeluce.fr\/index.php\/wp-json\/wp\/v2\/types\/product"}],"replies":[{"embeddable":true,"href":"https:\/\/lescreationsdeluce.fr\/index.php\/wp-json\/wp\/v2\/comments?post=2351"}],"wp:featuredmedia":[{"embeddable":true,"href":"https:\/\/lescreationsdeluce.fr\/index.php\/wp-json\/wp\/v2\/media\/2353"}],"wp:attachment":[{"href":"https:\/\/lescreationsdeluce.fr\/index.php\/wp-json\/wp\/v2\/media?parent=2351"}],"wp:term":[{"taxonomy":"product_brand","embeddable":true,"href":"https:\/\/lescreationsdeluce.fr\/index.php\/wp-json\/wp\/v2\/product_brand?post=2351"},{"taxonomy":"product_cat","embeddable":true,"href":"https:\/\/lescreationsdeluce.fr\/index.php\/wp-json\/wp\/v2\/product_cat?post=2351"},{"taxonomy":"product_tag","embeddable":true,"href":"https:\/\/lescreationsdeluce.fr\/index.php\/wp-json\/wp\/v2\/product_tag?post=2351"}],"curies":[{"name":"wp","href":"https:\/\/api.w.org\/{rel}","templated":true}]}}