{"id":1736,"date":"2023-10-19T22:19:22","date_gmt":"2023-10-19T20:19:22","guid":{"rendered":"https:\/\/lescreationsdeluce.fr\/?post_type=product&#038;p=1736"},"modified":"2025-07-30T15:28:28","modified_gmt":"2025-07-30T13:28:28","slug":"boucles-doreilles-colorees","status":"publish","type":"product","link":"https:\/\/lescreationsdeluce.fr\/index.php\/produit\/boucles-doreilles-colorees\/","title":{"rendered":"Boucles d&#8217;oreilles color\u00e9es"},"content":{"rendered":"<ul>\n<li><span style=\"vertical-align: inherit;\"><span style=\"vertical-align: inherit;\"><span dir=\"auto\" style=\"vertical-align: inherit;\"><span dir=\"auto\" style=\"vertical-align: inherit;\">Cr\u00e9oles 20mm tout en plaqu\u00e9 or<\/span><\/span><\/span><\/span><\/li>\n<li><span style=\"vertical-align: inherit;\"><span style=\"vertical-align: inherit;\"><span dir=\"auto\" style=\"vertical-align: inherit;\"><span dir=\"auto\" style=\"vertical-align: inherit;\">Cr\u00e9oles 29mm et 35mm en acier inoxydable dor\u00e9<\/span><\/span><\/span><\/span><\/li>\n<li><span style=\"vertical-align: inherit;\"><span style=\"vertical-align: inherit;\"><span dir=\"auto\" style=\"vertical-align: inherit;\"><span dir=\"auto\" style=\"vertical-align: inherit;\">Perles intercalaires en plaqu\u00e9 or<\/span><\/span><\/span><\/span><\/li>\n<\/ul>\n","protected":false},"excerpt":{"rendered":"<p>Cr\u00e9oles 20mm tout en plaqu\u00e9 or Cr\u00e9oles 29mm et 35mm en acier inoxydable dor\u00e9 Perles intercalaires en plaqu\u00e9 or<\/p>\n","protected":false},"featured_media":1750,"comment_status":"open","ping_status":"closed","template":"","meta":[],"product_brand":[],"product_cat":[19,86,22],"product_tag":[],"class_list":{"0":"post-1736","1":"product","2":"type-product","3":"status-publish","4":"has-post-thumbnail","6":"product_cat-boucles-doreilles","7":"product_cat-bouclesdoreillescolorees","8":"product_cat-femme","10":"entry","11":"has-media","13":"first","14":"instock","15":"sold-individually","16":"taxable","17":"shipping-taxable","18":"purchasable","19":"product-type-variable","20":"has-default-attributes","21":"has-product-nav","22":"col","23":"span_1_of_3","24":"owp-content-center","25":"owp-thumbs-layout-horizontal","26":"owp-btn-normal","27":"owp-tabs-layout-horizontal"},"yoast_head":"<!-- This site is optimized with the Yoast SEO plugin v21.6 - https:\/\/yoast.com\/wordpress\/plugins\/seo\/ -->\n<title>Boucles d&#039;oreilles color\u00e9es |Cr\u00e9ations fran\u00e7aises - Les Cr\u00e9ations de Luce |Livraison gratuite (voir condition)<\/title>\n<meta name=\"description\" content=\"Cliquez ici pour d\u00e9couvrir toute la gamme Boucles d&#039;oreilles color\u00e9es et les autres Cr\u00e9ations de Luce!\" \/>\n<meta name=\"robots\" content=\"index, follow, max-snippet:-1, max-image-preview:large, max-video-preview:-1\" \/>\n<link rel=\"canonical\" href=\"https:\/\/lescreationsdeluce.fr\/index.php\/produit\/boucles-doreilles-colorees\/\" \/>\n<meta property=\"og:locale\" content=\"en_US\" \/>\n<meta property=\"og:type\" content=\"article\" \/>\n<meta property=\"og:title\" content=\"Boucles d&#039;oreilles color\u00e9es |Cr\u00e9ations fran\u00e7aises - Les Cr\u00e9ations de Luce |Livraison gratuite (voir condition)\" \/>\n<meta property=\"og:description\" content=\"Cliquez ici pour d\u00e9couvrir toute la gamme Boucles d&#039;oreilles color\u00e9es et les autres Cr\u00e9ations de Luce!\" \/>\n<meta property=\"og:url\" content=\"https:\/\/lescreationsdeluce.fr\/index.php\/produit\/boucles-doreilles-colorees\/\" \/>\n<meta property=\"og:site_name\" content=\"Les Cr\u00e9ations de Luce\" \/>\n<meta property=\"article:publisher\" content=\"https:\/\/www.facebook.com\/people\/Cr%c3%a9ations-De-Luce\/100072320003369\/\" \/>\n<meta property=\"article:modified_time\" content=\"2025-07-30T13:28:28+00:00\" \/>\n<meta property=\"og:image\" content=\"https:\/\/lescreationsdeluce.fr\/wp-content\/uploads\/2023\/10\/Rouge-2-scaled.webp\" \/>\n\t<meta property=\"og:image:width\" content=\"1920\" \/>\n\t<meta property=\"og:image:height\" content=\"2560\" \/>\n\t<meta property=\"og:image:type\" content=\"image\/webp\" \/>\n<meta name=\"twitter:card\" content=\"summary_large_image\" \/>\n<meta name=\"twitter:label1\" content=\"Est. reading time\" \/>\n\t<meta name=\"twitter:data1\" content=\"1 minute\" \/>\n<script type=\"application\/ld+json\" class=\"yoast-schema-graph\">{\"@context\":\"https:\/\/schema.org\",\"@graph\":[{\"@type\":\"WebPage\",\"@id\":\"https:\/\/lescreationsdeluce.fr\/index.php\/produit\/boucles-doreilles-colorees\/\",\"url\":\"https:\/\/lescreationsdeluce.fr\/index.php\/produit\/boucles-doreilles-colorees\/\",\"name\":\"Boucles d'oreilles color\u00e9es |Cr\u00e9ations fran\u00e7aises - Les Cr\u00e9ations de Luce |Livraison gratuite (voir condition)\",\"isPartOf\":{\"@id\":\"https:\/\/lescreationsdeluce.fr\/#website\"},\"datePublished\":\"2023-10-19T20:19:22+00:00\",\"dateModified\":\"2025-07-30T13:28:28+00:00\",\"description\":\"Cliquez ici pour d\u00e9couvrir toute la gamme Boucles d'oreilles color\u00e9es et les autres Cr\u00e9ations de Luce!\",\"breadcrumb\":{\"@id\":\"https:\/\/lescreationsdeluce.fr\/index.php\/produit\/boucles-doreilles-colorees\/#breadcrumb\"},\"inLanguage\":\"en-US\",\"potentialAction\":[{\"@type\":\"ReadAction\",\"target\":[\"https:\/\/lescreationsdeluce.fr\/index.php\/produit\/boucles-doreilles-colorees\/\"]}]},{\"@type\":\"BreadcrumbList\",\"@id\":\"https:\/\/lescreationsdeluce.fr\/index.php\/produit\/boucles-doreilles-colorees\/#breadcrumb\",\"itemListElement\":[{\"@type\":\"ListItem\",\"position\":1,\"name\":\"Accueil\",\"item\":\"https:\/\/lescreationsdeluce.fr\/\"},{\"@type\":\"ListItem\",\"position\":2,\"name\":\"Boutique pleine largeur\",\"item\":\"https:\/\/lescreationsdeluce.fr\/index.php\/shop-full-width\/\"},{\"@type\":\"ListItem\",\"position\":3,\"name\":\"Boucles d&#8217;oreilles color\u00e9es\"}]},{\"@type\":\"WebSite\",\"@id\":\"https:\/\/lescreationsdeluce.fr\/#website\",\"url\":\"https:\/\/lescreationsdeluce.fr\/\",\"name\":\"Les Cr\u00e9ations de Luce\",\"description\":\"Parce que se faire plaisir c&#039;est vivre ....\",\"publisher\":{\"@id\":\"https:\/\/lescreationsdeluce.fr\/#organization\"},\"potentialAction\":[{\"@type\":\"SearchAction\",\"target\":{\"@type\":\"EntryPoint\",\"urlTemplate\":\"https:\/\/lescreationsdeluce.fr\/?s={search_term_string}\"},\"query-input\":\"required name=search_term_string\"}],\"inLanguage\":\"en-US\"},{\"@type\":\"Organization\",\"@id\":\"https:\/\/lescreationsdeluce.fr\/#organization\",\"name\":\"Les Cr\u00e9ations de Luce\",\"url\":\"https:\/\/lescreationsdeluce.fr\/\",\"logo\":{\"@type\":\"ImageObject\",\"inLanguage\":\"en-US\",\"@id\":\"https:\/\/lescreationsdeluce.fr\/#\/schema\/logo\/image\/\",\"url\":\"https:\/\/lescreationsdeluce.fr\/wp-content\/uploads\/2023\/10\/Logo_les-creations-de-Luce_reduit.png\",\"contentUrl\":\"https:\/\/lescreationsdeluce.fr\/wp-content\/uploads\/2023\/10\/Logo_les-creations-de-Luce_reduit.png\",\"width\":1748,\"height\":958,\"caption\":\"Les Cr\u00e9ations de Luce\"},\"image\":{\"@id\":\"https:\/\/lescreationsdeluce.fr\/#\/schema\/logo\/image\/\"},\"sameAs\":[\"https:\/\/www.facebook.com\/people\/Cr\u00e9ations-De-Luce\/100072320003369\/\"]}]}<\/script>\n<!-- \/ Yoast SEO plugin. -->","yoast_head_json":{"title":"Boucles d'oreilles color\u00e9es |Cr\u00e9ations fran\u00e7aises - Les Cr\u00e9ations de Luce |Livraison gratuite (voir condition)","description":"Cliquez ici pour d\u00e9couvrir toute la gamme Boucles d'oreilles color\u00e9es et les autres Cr\u00e9ations de Luce!","robots":{"index":"index","follow":"follow","max-snippet":"max-snippet:-1","max-image-preview":"max-image-preview:large","max-video-preview":"max-video-preview:-1"},"canonical":"https:\/\/lescreationsdeluce.fr\/index.php\/produit\/boucles-doreilles-colorees\/","og_locale":"en_US","og_type":"article","og_title":"Boucles d'oreilles color\u00e9es |Cr\u00e9ations fran\u00e7aises - Les Cr\u00e9ations de Luce |Livraison gratuite (voir condition)","og_description":"Cliquez ici pour d\u00e9couvrir toute la gamme Boucles d'oreilles color\u00e9es et les autres Cr\u00e9ations de Luce!","og_url":"https:\/\/lescreationsdeluce.fr\/index.php\/produit\/boucles-doreilles-colorees\/","og_site_name":"Les Cr\u00e9ations de Luce","article_publisher":"https:\/\/www.facebook.com\/people\/Cr%c3%a9ations-De-Luce\/100072320003369\/","article_modified_time":"2025-07-30T13:28:28+00:00","og_image":[{"width":1920,"height":2560,"url":"https:\/\/lescreationsdeluce.fr\/wp-content\/uploads\/2023\/10\/Rouge-2-scaled.webp","type":"image\/webp"}],"twitter_card":"summary_large_image","twitter_misc":{"Est. reading time":"1 minute"},"schema":{"@context":"https:\/\/schema.org","@graph":[{"@type":"WebPage","@id":"https:\/\/lescreationsdeluce.fr\/index.php\/produit\/boucles-doreilles-colorees\/","url":"https:\/\/lescreationsdeluce.fr\/index.php\/produit\/boucles-doreilles-colorees\/","name":"Boucles d'oreilles color\u00e9es |Cr\u00e9ations fran\u00e7aises - Les Cr\u00e9ations de Luce |Livraison gratuite (voir condition)","isPartOf":{"@id":"https:\/\/lescreationsdeluce.fr\/#website"},"datePublished":"2023-10-19T20:19:22+00:00","dateModified":"2025-07-30T13:28:28+00:00","description":"Cliquez ici pour d\u00e9couvrir toute la gamme Boucles d'oreilles color\u00e9es et les autres Cr\u00e9ations de Luce!","breadcrumb":{"@id":"https:\/\/lescreationsdeluce.fr\/index.php\/produit\/boucles-doreilles-colorees\/#breadcrumb"},"inLanguage":"en-US","potentialAction":[{"@type":"ReadAction","target":["https:\/\/lescreationsdeluce.fr\/index.php\/produit\/boucles-doreilles-colorees\/"]}]},{"@type":"BreadcrumbList","@id":"https:\/\/lescreationsdeluce.fr\/index.php\/produit\/boucles-doreilles-colorees\/#breadcrumb","itemListElement":[{"@type":"ListItem","position":1,"name":"Accueil","item":"https:\/\/lescreationsdeluce.fr\/"},{"@type":"ListItem","position":2,"name":"Boutique pleine largeur","item":"https:\/\/lescreationsdeluce.fr\/index.php\/shop-full-width\/"},{"@type":"ListItem","position":3,"name":"Boucles d&#8217;oreilles color\u00e9es"}]},{"@type":"WebSite","@id":"https:\/\/lescreationsdeluce.fr\/#website","url":"https:\/\/lescreationsdeluce.fr\/","name":"Les Cr\u00e9ations de Luce","description":"Parce que se faire plaisir c&#039;est vivre ....","publisher":{"@id":"https:\/\/lescreationsdeluce.fr\/#organization"},"potentialAction":[{"@type":"SearchAction","target":{"@type":"EntryPoint","urlTemplate":"https:\/\/lescreationsdeluce.fr\/?s={search_term_string}"},"query-input":"required name=search_term_string"}],"inLanguage":"en-US"},{"@type":"Organization","@id":"https:\/\/lescreationsdeluce.fr\/#organization","name":"Les Cr\u00e9ations de Luce","url":"https:\/\/lescreationsdeluce.fr\/","logo":{"@type":"ImageObject","inLanguage":"en-US","@id":"https:\/\/lescreationsdeluce.fr\/#\/schema\/logo\/image\/","url":"https:\/\/lescreationsdeluce.fr\/wp-content\/uploads\/2023\/10\/Logo_les-creations-de-Luce_reduit.png","contentUrl":"https:\/\/lescreationsdeluce.fr\/wp-content\/uploads\/2023\/10\/Logo_les-creations-de-Luce_reduit.png","width":1748,"height":958,"caption":"Les Cr\u00e9ations de Luce"},"image":{"@id":"https:\/\/lescreationsdeluce.fr\/#\/schema\/logo\/image\/"},"sameAs":["https:\/\/www.facebook.com\/people\/Cr\u00e9ations-De-Luce\/100072320003369\/"]}]}},"jetpack_sharing_enabled":true,"_links":{"self":[{"href":"https:\/\/lescreationsdeluce.fr\/index.php\/wp-json\/wp\/v2\/product\/1736","targetHints":{"allow":["GET"]}}],"collection":[{"href":"https:\/\/lescreationsdeluce.fr\/index.php\/wp-json\/wp\/v2\/product"}],"about":[{"href":"https:\/\/lescreationsdeluce.fr\/index.php\/wp-json\/wp\/v2\/types\/product"}],"replies":[{"embeddable":true,"href":"https:\/\/lescreationsdeluce.fr\/index.php\/wp-json\/wp\/v2\/comments?post=1736"}],"wp:featuredmedia":[{"embeddable":true,"href":"https:\/\/lescreationsdeluce.fr\/index.php\/wp-json\/wp\/v2\/media\/1750"}],"wp:attachment":[{"href":"https:\/\/lescreationsdeluce.fr\/index.php\/wp-json\/wp\/v2\/media?parent=1736"}],"wp:term":[{"taxonomy":"product_brand","embeddable":true,"href":"https:\/\/lescreationsdeluce.fr\/index.php\/wp-json\/wp\/v2\/product_brand?post=1736"},{"taxonomy":"product_cat","embeddable":true,"href":"https:\/\/lescreationsdeluce.fr\/index.php\/wp-json\/wp\/v2\/product_cat?post=1736"},{"taxonomy":"product_tag","embeddable":true,"href":"https:\/\/lescreationsdeluce.fr\/index.php\/wp-json\/wp\/v2\/product_tag?post=1736"}],"curies":[{"name":"wp","href":"https:\/\/api.w.org\/{rel}","templated":true}]}}