{"id":1527,"date":"2023-10-14T21:05:56","date_gmt":"2023-10-14T19:05:56","guid":{"rendered":"https:\/\/lescreationsdeluce.fr\/?post_type=product&#038;p=1527"},"modified":"2025-07-30T15:30:28","modified_gmt":"2025-07-30T13:30:28","slug":"bracelets-en-perles-semi-precieuses-plaque-or","status":"publish","type":"product","link":"https:\/\/lescreationsdeluce.fr\/index.php\/produit\/bracelets-en-perles-semi-precieuses-plaque-or\/","title":{"rendered":"Bracelets en perles semi-pr\u00e9cieuses &#038; plaqu\u00e9 or"},"content":{"rendered":"","protected":false},"excerpt":{"rendered":"","protected":false},"featured_media":1702,"comment_status":"open","ping_status":"closed","template":"","meta":[],"product_brand":[],"product_cat":[23,88,22],"product_tag":[],"class_list":{"0":"post-1527","1":"product","2":"type-product","3":"status-publish","4":"has-post-thumbnail","6":"product_cat-bracelets-femme","7":"product_cat-bracelets-plaques-or-argent","8":"product_cat-femme","10":"entry","11":"has-media","13":"first","14":"instock","15":"taxable","16":"shipping-taxable","17":"purchasable","18":"product-type-variable","19":"has-default-attributes","20":"has-product-nav","21":"col","22":"span_1_of_3","23":"owp-content-center","24":"owp-thumbs-layout-horizontal","25":"owp-btn-normal","26":"owp-tabs-layout-horizontal"},"yoast_head":"<!-- This site is optimized with the Yoast SEO plugin v21.6 - https:\/\/yoast.com\/wordpress\/plugins\/seo\/ -->\n<title>Bracelets en perles semi-pr\u00e9cieuses &amp; plaqu\u00e9 or |Cr\u00e9ations fran\u00e7aises - Les Cr\u00e9ations de Luce |Livraison gratuite (voir condition)<\/title>\n<meta name=\"description\" content=\"Cliquez ici pour d\u00e9couvrir toute la gamme Bracelets en perles semi-pr\u00e9cieuses &amp; plaqu\u00e9 or et les autres Cr\u00e9ations de Luce!\" \/>\n<meta name=\"robots\" content=\"index, follow, max-snippet:-1, max-image-preview:large, max-video-preview:-1\" \/>\n<link rel=\"canonical\" href=\"https:\/\/lescreationsdeluce.fr\/index.php\/produit\/bracelets-en-perles-semi-precieuses-plaque-or\/\" \/>\n<meta property=\"og:locale\" content=\"en_US\" \/>\n<meta property=\"og:type\" content=\"article\" \/>\n<meta property=\"og:title\" content=\"Bracelets en perles semi-pr\u00e9cieuses &amp; plaqu\u00e9 or |Cr\u00e9ations fran\u00e7aises - Les Cr\u00e9ations de Luce |Livraison gratuite (voir condition)\" \/>\n<meta property=\"og:description\" content=\"Cliquez ici pour d\u00e9couvrir toute la gamme Bracelets en perles semi-pr\u00e9cieuses &amp; plaqu\u00e9 or et les autres Cr\u00e9ations de Luce!\" \/>\n<meta property=\"og:url\" content=\"https:\/\/lescreationsdeluce.fr\/index.php\/produit\/bracelets-en-perles-semi-precieuses-plaque-or\/\" \/>\n<meta property=\"og:site_name\" content=\"Les Cr\u00e9ations de Luce\" \/>\n<meta property=\"article:publisher\" content=\"https:\/\/www.facebook.com\/people\/Cr%c3%a9ations-De-Luce\/100072320003369\/\" \/>\n<meta property=\"article:modified_time\" content=\"2025-07-30T13:30:28+00:00\" \/>\n<meta property=\"og:image\" content=\"https:\/\/lescreationsdeluce.fr\/wp-content\/uploads\/2023\/10\/IMG_E7090-scaled.webp\" \/>\n\t<meta property=\"og:image:width\" content=\"2013\" \/>\n\t<meta property=\"og:image:height\" content=\"2560\" \/>\n\t<meta property=\"og:image:type\" content=\"image\/webp\" \/>\n<meta name=\"twitter:card\" content=\"summary_large_image\" \/>\n<script type=\"application\/ld+json\" class=\"yoast-schema-graph\">{\"@context\":\"https:\/\/schema.org\",\"@graph\":[{\"@type\":\"WebPage\",\"@id\":\"https:\/\/lescreationsdeluce.fr\/index.php\/produit\/bracelets-en-perles-semi-precieuses-plaque-or\/\",\"url\":\"https:\/\/lescreationsdeluce.fr\/index.php\/produit\/bracelets-en-perles-semi-precieuses-plaque-or\/\",\"name\":\"Bracelets en perles semi-pr\u00e9cieuses & plaqu\u00e9 or |Cr\u00e9ations fran\u00e7aises - Les Cr\u00e9ations de Luce |Livraison gratuite (voir condition)\",\"isPartOf\":{\"@id\":\"https:\/\/lescreationsdeluce.fr\/#website\"},\"datePublished\":\"2023-10-14T19:05:56+00:00\",\"dateModified\":\"2025-07-30T13:30:28+00:00\",\"description\":\"Cliquez ici pour d\u00e9couvrir toute la gamme Bracelets en perles semi-pr\u00e9cieuses & plaqu\u00e9 or et les autres Cr\u00e9ations de Luce!\",\"breadcrumb\":{\"@id\":\"https:\/\/lescreationsdeluce.fr\/index.php\/produit\/bracelets-en-perles-semi-precieuses-plaque-or\/#breadcrumb\"},\"inLanguage\":\"en-US\",\"potentialAction\":[{\"@type\":\"ReadAction\",\"target\":[\"https:\/\/lescreationsdeluce.fr\/index.php\/produit\/bracelets-en-perles-semi-precieuses-plaque-or\/\"]}]},{\"@type\":\"BreadcrumbList\",\"@id\":\"https:\/\/lescreationsdeluce.fr\/index.php\/produit\/bracelets-en-perles-semi-precieuses-plaque-or\/#breadcrumb\",\"itemListElement\":[{\"@type\":\"ListItem\",\"position\":1,\"name\":\"Accueil\",\"item\":\"https:\/\/lescreationsdeluce.fr\/\"},{\"@type\":\"ListItem\",\"position\":2,\"name\":\"Boutique pleine largeur\",\"item\":\"https:\/\/lescreationsdeluce.fr\/index.php\/shop-full-width\/\"},{\"@type\":\"ListItem\",\"position\":3,\"name\":\"Bracelets en perles semi-pr\u00e9cieuses &#038; plaqu\u00e9 or\"}]},{\"@type\":\"WebSite\",\"@id\":\"https:\/\/lescreationsdeluce.fr\/#website\",\"url\":\"https:\/\/lescreationsdeluce.fr\/\",\"name\":\"Les Cr\u00e9ations de Luce\",\"description\":\"Parce que se faire plaisir c&#039;est vivre ....\",\"publisher\":{\"@id\":\"https:\/\/lescreationsdeluce.fr\/#organization\"},\"potentialAction\":[{\"@type\":\"SearchAction\",\"target\":{\"@type\":\"EntryPoint\",\"urlTemplate\":\"https:\/\/lescreationsdeluce.fr\/?s={search_term_string}\"},\"query-input\":\"required name=search_term_string\"}],\"inLanguage\":\"en-US\"},{\"@type\":\"Organization\",\"@id\":\"https:\/\/lescreationsdeluce.fr\/#organization\",\"name\":\"Les Cr\u00e9ations de Luce\",\"url\":\"https:\/\/lescreationsdeluce.fr\/\",\"logo\":{\"@type\":\"ImageObject\",\"inLanguage\":\"en-US\",\"@id\":\"https:\/\/lescreationsdeluce.fr\/#\/schema\/logo\/image\/\",\"url\":\"https:\/\/lescreationsdeluce.fr\/wp-content\/uploads\/2023\/10\/Logo_les-creations-de-Luce_reduit.png\",\"contentUrl\":\"https:\/\/lescreationsdeluce.fr\/wp-content\/uploads\/2023\/10\/Logo_les-creations-de-Luce_reduit.png\",\"width\":1748,\"height\":958,\"caption\":\"Les Cr\u00e9ations de Luce\"},\"image\":{\"@id\":\"https:\/\/lescreationsdeluce.fr\/#\/schema\/logo\/image\/\"},\"sameAs\":[\"https:\/\/www.facebook.com\/people\/Cr\u00e9ations-De-Luce\/100072320003369\/\"]}]}<\/script>\n<!-- \/ Yoast SEO plugin. -->","yoast_head_json":{"title":"Bracelets en perles semi-pr\u00e9cieuses & plaqu\u00e9 or |Cr\u00e9ations fran\u00e7aises - Les Cr\u00e9ations de Luce |Livraison gratuite (voir condition)","description":"Cliquez ici pour d\u00e9couvrir toute la gamme Bracelets en perles semi-pr\u00e9cieuses & plaqu\u00e9 or et les autres Cr\u00e9ations de Luce!","robots":{"index":"index","follow":"follow","max-snippet":"max-snippet:-1","max-image-preview":"max-image-preview:large","max-video-preview":"max-video-preview:-1"},"canonical":"https:\/\/lescreationsdeluce.fr\/index.php\/produit\/bracelets-en-perles-semi-precieuses-plaque-or\/","og_locale":"en_US","og_type":"article","og_title":"Bracelets en perles semi-pr\u00e9cieuses & plaqu\u00e9 or |Cr\u00e9ations fran\u00e7aises - Les Cr\u00e9ations de Luce |Livraison gratuite (voir condition)","og_description":"Cliquez ici pour d\u00e9couvrir toute la gamme Bracelets en perles semi-pr\u00e9cieuses & plaqu\u00e9 or et les autres Cr\u00e9ations de Luce!","og_url":"https:\/\/lescreationsdeluce.fr\/index.php\/produit\/bracelets-en-perles-semi-precieuses-plaque-or\/","og_site_name":"Les Cr\u00e9ations de Luce","article_publisher":"https:\/\/www.facebook.com\/people\/Cr%c3%a9ations-De-Luce\/100072320003369\/","article_modified_time":"2025-07-30T13:30:28+00:00","og_image":[{"width":2013,"height":2560,"url":"https:\/\/lescreationsdeluce.fr\/wp-content\/uploads\/2023\/10\/IMG_E7090-scaled.webp","type":"image\/webp"}],"twitter_card":"summary_large_image","schema":{"@context":"https:\/\/schema.org","@graph":[{"@type":"WebPage","@id":"https:\/\/lescreationsdeluce.fr\/index.php\/produit\/bracelets-en-perles-semi-precieuses-plaque-or\/","url":"https:\/\/lescreationsdeluce.fr\/index.php\/produit\/bracelets-en-perles-semi-precieuses-plaque-or\/","name":"Bracelets en perles semi-pr\u00e9cieuses & plaqu\u00e9 or |Cr\u00e9ations fran\u00e7aises - Les Cr\u00e9ations de Luce |Livraison gratuite (voir condition)","isPartOf":{"@id":"https:\/\/lescreationsdeluce.fr\/#website"},"datePublished":"2023-10-14T19:05:56+00:00","dateModified":"2025-07-30T13:30:28+00:00","description":"Cliquez ici pour d\u00e9couvrir toute la gamme Bracelets en perles semi-pr\u00e9cieuses & plaqu\u00e9 or et les autres Cr\u00e9ations de Luce!","breadcrumb":{"@id":"https:\/\/lescreationsdeluce.fr\/index.php\/produit\/bracelets-en-perles-semi-precieuses-plaque-or\/#breadcrumb"},"inLanguage":"en-US","potentialAction":[{"@type":"ReadAction","target":["https:\/\/lescreationsdeluce.fr\/index.php\/produit\/bracelets-en-perles-semi-precieuses-plaque-or\/"]}]},{"@type":"BreadcrumbList","@id":"https:\/\/lescreationsdeluce.fr\/index.php\/produit\/bracelets-en-perles-semi-precieuses-plaque-or\/#breadcrumb","itemListElement":[{"@type":"ListItem","position":1,"name":"Accueil","item":"https:\/\/lescreationsdeluce.fr\/"},{"@type":"ListItem","position":2,"name":"Boutique pleine largeur","item":"https:\/\/lescreationsdeluce.fr\/index.php\/shop-full-width\/"},{"@type":"ListItem","position":3,"name":"Bracelets en perles semi-pr\u00e9cieuses &#038; plaqu\u00e9 or"}]},{"@type":"WebSite","@id":"https:\/\/lescreationsdeluce.fr\/#website","url":"https:\/\/lescreationsdeluce.fr\/","name":"Les Cr\u00e9ations de Luce","description":"Parce que se faire plaisir c&#039;est vivre ....","publisher":{"@id":"https:\/\/lescreationsdeluce.fr\/#organization"},"potentialAction":[{"@type":"SearchAction","target":{"@type":"EntryPoint","urlTemplate":"https:\/\/lescreationsdeluce.fr\/?s={search_term_string}"},"query-input":"required name=search_term_string"}],"inLanguage":"en-US"},{"@type":"Organization","@id":"https:\/\/lescreationsdeluce.fr\/#organization","name":"Les Cr\u00e9ations de Luce","url":"https:\/\/lescreationsdeluce.fr\/","logo":{"@type":"ImageObject","inLanguage":"en-US","@id":"https:\/\/lescreationsdeluce.fr\/#\/schema\/logo\/image\/","url":"https:\/\/lescreationsdeluce.fr\/wp-content\/uploads\/2023\/10\/Logo_les-creations-de-Luce_reduit.png","contentUrl":"https:\/\/lescreationsdeluce.fr\/wp-content\/uploads\/2023\/10\/Logo_les-creations-de-Luce_reduit.png","width":1748,"height":958,"caption":"Les Cr\u00e9ations de Luce"},"image":{"@id":"https:\/\/lescreationsdeluce.fr\/#\/schema\/logo\/image\/"},"sameAs":["https:\/\/www.facebook.com\/people\/Cr\u00e9ations-De-Luce\/100072320003369\/"]}]}},"jetpack_sharing_enabled":true,"_links":{"self":[{"href":"https:\/\/lescreationsdeluce.fr\/index.php\/wp-json\/wp\/v2\/product\/1527","targetHints":{"allow":["GET"]}}],"collection":[{"href":"https:\/\/lescreationsdeluce.fr\/index.php\/wp-json\/wp\/v2\/product"}],"about":[{"href":"https:\/\/lescreationsdeluce.fr\/index.php\/wp-json\/wp\/v2\/types\/product"}],"replies":[{"embeddable":true,"href":"https:\/\/lescreationsdeluce.fr\/index.php\/wp-json\/wp\/v2\/comments?post=1527"}],"wp:featuredmedia":[{"embeddable":true,"href":"https:\/\/lescreationsdeluce.fr\/index.php\/wp-json\/wp\/v2\/media\/1702"}],"wp:attachment":[{"href":"https:\/\/lescreationsdeluce.fr\/index.php\/wp-json\/wp\/v2\/media?parent=1527"}],"wp:term":[{"taxonomy":"product_brand","embeddable":true,"href":"https:\/\/lescreationsdeluce.fr\/index.php\/wp-json\/wp\/v2\/product_brand?post=1527"},{"taxonomy":"product_cat","embeddable":true,"href":"https:\/\/lescreationsdeluce.fr\/index.php\/wp-json\/wp\/v2\/product_cat?post=1527"},{"taxonomy":"product_tag","embeddable":true,"href":"https:\/\/lescreationsdeluce.fr\/index.php\/wp-json\/wp\/v2\/product_tag?post=1527"}],"curies":[{"name":"wp","href":"https:\/\/api.w.org\/{rel}","templated":true}]}}