{"id":2278,"date":"2023-11-04T15:13:10","date_gmt":"2023-11-04T14:13:10","guid":{"rendered":"https:\/\/lescreationsdeluce.fr\/?page_id=2278"},"modified":"2023-11-04T15:31:38","modified_gmt":"2023-11-04T14:31:38","slug":"2278-2","status":"publish","type":"page","link":"https:\/\/lescreationsdeluce.fr\/index.php\/2278-2\/","title":{"rendered":"Choix taille bracelet"},"content":{"rendered":"\t\t<div data-elementor-type=\"wp-page\" data-elementor-id=\"2278\" class=\"elementor elementor-2278\">\n\t\t\t\t<div class=\"elementor-element elementor-element-4d28c704 e-flex e-con-boxed e-con e-parent\" data-id=\"4d28c704\" data-element_type=\"container\" data-e-type=\"container\">\n\t\t\t\t\t<div class=\"e-con-inner\">\n\t\t\t\t<div class=\"elementor-element elementor-element-15a1eca8 elementor-widget elementor-widget-text-editor\" data-id=\"15a1eca8\" data-element_type=\"widget\" data-e-type=\"widget\" data-widget_type=\"text-editor.default\">\n\t\t\t\t<div class=\"elementor-widget-container\">\n\t\t\t\t\t\t\t\t\t\n<h2>Comment choisir la bonne taille de bracelet ?<\/h2>\n<p>Mon conseil: mesurez votre poignet \u00e0 l\u2019aide d\u2019un morceau de ficelle comme sur la photo (mesure de la longueur de la ficelle obtenue en cm).\u00a0<\/p>\n\n<p>Si vous pr\u00e9f\u00e9rez porter vos bracelets plus larges, ajouter 1cm \u00e0 cette mesure.<\/p>\n<h2><img fetchpriority=\"high\" decoding=\"async\" data-recalc-dims=\"1\" class=\"size-medium wp-image-2280 aligncenter\" src=\"https:\/\/i0.wp.com\/lescreationsdeluce.fr\/wp-content\/uploads\/2023\/11\/IMG_20231104_150346-300x215.jpg?resize=300%2C215\" alt=\"\" width=\"300\" height=\"215\" srcset=\"https:\/\/i0.wp.com\/lescreationsdeluce.fr\/wp-content\/uploads\/2023\/11\/IMG_20231104_150346-rotated.jpg?resize=300%2C215&amp;ssl=1 300w, https:\/\/i0.wp.com\/lescreationsdeluce.fr\/wp-content\/uploads\/2023\/11\/IMG_20231104_150346-rotated.jpg?resize=1024%2C735&amp;ssl=1 1024w, https:\/\/i0.wp.com\/lescreationsdeluce.fr\/wp-content\/uploads\/2023\/11\/IMG_20231104_150346-rotated.jpg?resize=768%2C551&amp;ssl=1 768w, https:\/\/i0.wp.com\/lescreationsdeluce.fr\/wp-content\/uploads\/2023\/11\/IMG_20231104_150346-rotated.jpg?resize=1536%2C1102&amp;ssl=1 1536w, https:\/\/i0.wp.com\/lescreationsdeluce.fr\/wp-content\/uploads\/2023\/11\/IMG_20231104_150346-rotated.jpg?resize=2048%2C1470&amp;ssl=1 2048w, https:\/\/i0.wp.com\/lescreationsdeluce.fr\/wp-content\/uploads\/2023\/11\/IMG_20231104_150346-rotated.jpg?resize=1320%2C947&amp;ssl=1 1320w, https:\/\/i0.wp.com\/lescreationsdeluce.fr\/wp-content\/uploads\/2023\/11\/IMG_20231104_150346-rotated.jpg?resize=504%2C362&amp;ssl=1 504w\" sizes=\"(max-width: 300px) 100vw, 300px\" \/><\/h2>\n\t\t\t\t\t\t\t\t<\/div>\n\t\t\t\t<\/div>\n\t\t\t\t\t<\/div>\n\t\t\t\t<\/div>\n\t\t\t\t<\/div>\n\t\t","protected":false},"excerpt":{"rendered":"<p>Comment choisir la bonne taille de bracelet ? Mon conseil: mesurez votre poignet \u00e0 l\u2019aide d\u2019un morceau de ficelle comme sur la photo (mesure de la longueur de la ficelle obtenue en cm).\u00a0 Si vous pr\u00e9f\u00e9rez porter vos bracelets plus larges, ajouter 1cm \u00e0 cette mesure.<\/p>\n","protected":false},"author":1,"featured_media":0,"parent":0,"menu_order":0,"comment_status":"closed","ping_status":"closed","template":"","meta":{"footnotes":""},"class_list":["post-2278","page","type-page","status-publish","hentry","entry","owp-thumbs-layout-horizontal","owp-btn-normal","owp-tabs-layout-horizontal","has-no-thumbnails","has-product-nav"],"yoast_head":"<!-- This site is optimized with the Yoast SEO plugin v21.6 - https:\/\/yoast.com\/wordpress\/plugins\/seo\/ -->\n<title>Choix taille bracelet - Les Cr\u00e9ations de Luce<\/title>\n<meta name=\"robots\" content=\"index, follow, max-snippet:-1, max-image-preview:large, max-video-preview:-1\" \/>\n<link rel=\"canonical\" href=\"https:\/\/lescreationsdeluce.fr\/index.php\/2278-2\/\" \/>\n<meta property=\"og:locale\" content=\"en_US\" \/>\n<meta property=\"og:type\" content=\"article\" \/>\n<meta property=\"og:title\" content=\"Choix taille bracelet - Les Cr\u00e9ations de Luce\" \/>\n<meta property=\"og:description\" content=\"Comment choisir la bonne taille de bracelet ? Mon conseil: mesurez votre poignet \u00e0 l\u2019aide d\u2019un morceau de ficelle comme sur la photo (mesure de la longueur de la ficelle obtenue en cm).\u00a0 Si vous pr\u00e9f\u00e9rez porter vos bracelets plus larges, ajouter 1cm \u00e0 cette mesure.\" \/>\n<meta property=\"og:url\" content=\"https:\/\/lescreationsdeluce.fr\/index.php\/2278-2\/\" \/>\n<meta property=\"og:site_name\" content=\"Les Cr\u00e9ations de Luce\" \/>\n<meta property=\"article:publisher\" content=\"https:\/\/www.facebook.com\/people\/Cr%c3%a9ations-De-Luce\/100072320003369\/\" \/>\n<meta property=\"article:modified_time\" content=\"2023-11-04T14:31:38+00:00\" \/>\n<meta property=\"og:image\" content=\"http:\/\/lescreationsdeluce.fr\/wp-content\/uploads\/2023\/11\/IMG_20231104_150346-300x215.jpg\" \/>\n<meta name=\"twitter:card\" content=\"summary_large_image\" \/>\n<meta name=\"twitter:label1\" content=\"Est. reading time\" \/>\n\t<meta name=\"twitter:data1\" content=\"1 minute\" \/>\n<script type=\"application\/ld+json\" class=\"yoast-schema-graph\">{\"@context\":\"https:\/\/schema.org\",\"@graph\":[{\"@type\":\"WebPage\",\"@id\":\"https:\/\/lescreationsdeluce.fr\/index.php\/2278-2\/\",\"url\":\"https:\/\/lescreationsdeluce.fr\/index.php\/2278-2\/\",\"name\":\"Choix taille bracelet - Les Cr\u00e9ations de Luce\",\"isPartOf\":{\"@id\":\"https:\/\/lescreationsdeluce.fr\/#website\"},\"datePublished\":\"2023-11-04T14:13:10+00:00\",\"dateModified\":\"2023-11-04T14:31:38+00:00\",\"breadcrumb\":{\"@id\":\"https:\/\/lescreationsdeluce.fr\/index.php\/2278-2\/#breadcrumb\"},\"inLanguage\":\"en-US\",\"potentialAction\":[{\"@type\":\"ReadAction\",\"target\":[\"https:\/\/lescreationsdeluce.fr\/index.php\/2278-2\/\"]}]},{\"@type\":\"BreadcrumbList\",\"@id\":\"https:\/\/lescreationsdeluce.fr\/index.php\/2278-2\/#breadcrumb\",\"itemListElement\":[{\"@type\":\"ListItem\",\"position\":1,\"name\":\"Accueil\",\"item\":\"https:\/\/lescreationsdeluce.fr\/\"},{\"@type\":\"ListItem\",\"position\":2,\"name\":\"Choix taille bracelet\"}]},{\"@type\":\"WebSite\",\"@id\":\"https:\/\/lescreationsdeluce.fr\/#website\",\"url\":\"https:\/\/lescreationsdeluce.fr\/\",\"name\":\"Les Cr\u00e9ations de Luce\",\"description\":\"Parce que se faire plaisir c&#039;est vivre ....\",\"publisher\":{\"@id\":\"https:\/\/lescreationsdeluce.fr\/#organization\"},\"potentialAction\":[{\"@type\":\"SearchAction\",\"target\":{\"@type\":\"EntryPoint\",\"urlTemplate\":\"https:\/\/lescreationsdeluce.fr\/?s={search_term_string}\"},\"query-input\":\"required name=search_term_string\"}],\"inLanguage\":\"en-US\"},{\"@type\":\"Organization\",\"@id\":\"https:\/\/lescreationsdeluce.fr\/#organization\",\"name\":\"Les Cr\u00e9ations de Luce\",\"url\":\"https:\/\/lescreationsdeluce.fr\/\",\"logo\":{\"@type\":\"ImageObject\",\"inLanguage\":\"en-US\",\"@id\":\"https:\/\/lescreationsdeluce.fr\/#\/schema\/logo\/image\/\",\"url\":\"https:\/\/lescreationsdeluce.fr\/wp-content\/uploads\/2023\/10\/Logo_les-creations-de-Luce_reduit.png\",\"contentUrl\":\"https:\/\/lescreationsdeluce.fr\/wp-content\/uploads\/2023\/10\/Logo_les-creations-de-Luce_reduit.png\",\"width\":1748,\"height\":958,\"caption\":\"Les Cr\u00e9ations de Luce\"},\"image\":{\"@id\":\"https:\/\/lescreationsdeluce.fr\/#\/schema\/logo\/image\/\"},\"sameAs\":[\"https:\/\/www.facebook.com\/people\/Cr\u00e9ations-De-Luce\/100072320003369\/\"]}]}<\/script>\n<!-- \/ Yoast SEO plugin. -->","yoast_head_json":{"title":"Choix taille bracelet - Les Cr\u00e9ations de Luce","robots":{"index":"index","follow":"follow","max-snippet":"max-snippet:-1","max-image-preview":"max-image-preview:large","max-video-preview":"max-video-preview:-1"},"canonical":"https:\/\/lescreationsdeluce.fr\/index.php\/2278-2\/","og_locale":"en_US","og_type":"article","og_title":"Choix taille bracelet - Les Cr\u00e9ations de Luce","og_description":"Comment choisir la bonne taille de bracelet ? Mon conseil: mesurez votre poignet \u00e0 l\u2019aide d\u2019un morceau de ficelle comme sur la photo (mesure de la longueur de la ficelle obtenue en cm).\u00a0 Si vous pr\u00e9f\u00e9rez porter vos bracelets plus larges, ajouter 1cm \u00e0 cette mesure.","og_url":"https:\/\/lescreationsdeluce.fr\/index.php\/2278-2\/","og_site_name":"Les Cr\u00e9ations de Luce","article_publisher":"https:\/\/www.facebook.com\/people\/Cr%c3%a9ations-De-Luce\/100072320003369\/","article_modified_time":"2023-11-04T14:31:38+00:00","og_image":[{"url":"http:\/\/lescreationsdeluce.fr\/wp-content\/uploads\/2023\/11\/IMG_20231104_150346-300x215.jpg"}],"twitter_card":"summary_large_image","twitter_misc":{"Est. reading time":"1 minute"},"schema":{"@context":"https:\/\/schema.org","@graph":[{"@type":"WebPage","@id":"https:\/\/lescreationsdeluce.fr\/index.php\/2278-2\/","url":"https:\/\/lescreationsdeluce.fr\/index.php\/2278-2\/","name":"Choix taille bracelet - Les Cr\u00e9ations de Luce","isPartOf":{"@id":"https:\/\/lescreationsdeluce.fr\/#website"},"datePublished":"2023-11-04T14:13:10+00:00","dateModified":"2023-11-04T14:31:38+00:00","breadcrumb":{"@id":"https:\/\/lescreationsdeluce.fr\/index.php\/2278-2\/#breadcrumb"},"inLanguage":"en-US","potentialAction":[{"@type":"ReadAction","target":["https:\/\/lescreationsdeluce.fr\/index.php\/2278-2\/"]}]},{"@type":"BreadcrumbList","@id":"https:\/\/lescreationsdeluce.fr\/index.php\/2278-2\/#breadcrumb","itemListElement":[{"@type":"ListItem","position":1,"name":"Accueil","item":"https:\/\/lescreationsdeluce.fr\/"},{"@type":"ListItem","position":2,"name":"Choix taille bracelet"}]},{"@type":"WebSite","@id":"https:\/\/lescreationsdeluce.fr\/#website","url":"https:\/\/lescreationsdeluce.fr\/","name":"Les Cr\u00e9ations de Luce","description":"Parce que se faire plaisir c&#039;est vivre ....","publisher":{"@id":"https:\/\/lescreationsdeluce.fr\/#organization"},"potentialAction":[{"@type":"SearchAction","target":{"@type":"EntryPoint","urlTemplate":"https:\/\/lescreationsdeluce.fr\/?s={search_term_string}"},"query-input":"required name=search_term_string"}],"inLanguage":"en-US"},{"@type":"Organization","@id":"https:\/\/lescreationsdeluce.fr\/#organization","name":"Les Cr\u00e9ations de Luce","url":"https:\/\/lescreationsdeluce.fr\/","logo":{"@type":"ImageObject","inLanguage":"en-US","@id":"https:\/\/lescreationsdeluce.fr\/#\/schema\/logo\/image\/","url":"https:\/\/lescreationsdeluce.fr\/wp-content\/uploads\/2023\/10\/Logo_les-creations-de-Luce_reduit.png","contentUrl":"https:\/\/lescreationsdeluce.fr\/wp-content\/uploads\/2023\/10\/Logo_les-creations-de-Luce_reduit.png","width":1748,"height":958,"caption":"Les Cr\u00e9ations de Luce"},"image":{"@id":"https:\/\/lescreationsdeluce.fr\/#\/schema\/logo\/image\/"},"sameAs":["https:\/\/www.facebook.com\/people\/Cr\u00e9ations-De-Luce\/100072320003369\/"]}]}},"jetpack_sharing_enabled":true,"_links":{"self":[{"href":"https:\/\/lescreationsdeluce.fr\/index.php\/wp-json\/wp\/v2\/pages\/2278","targetHints":{"allow":["GET"]}}],"collection":[{"href":"https:\/\/lescreationsdeluce.fr\/index.php\/wp-json\/wp\/v2\/pages"}],"about":[{"href":"https:\/\/lescreationsdeluce.fr\/index.php\/wp-json\/wp\/v2\/types\/page"}],"author":[{"embeddable":true,"href":"https:\/\/lescreationsdeluce.fr\/index.php\/wp-json\/wp\/v2\/users\/1"}],"replies":[{"embeddable":true,"href":"https:\/\/lescreationsdeluce.fr\/index.php\/wp-json\/wp\/v2\/comments?post=2278"}],"version-history":[{"count":11,"href":"https:\/\/lescreationsdeluce.fr\/index.php\/wp-json\/wp\/v2\/pages\/2278\/revisions"}],"predecessor-version":[{"id":2296,"href":"https:\/\/lescreationsdeluce.fr\/index.php\/wp-json\/wp\/v2\/pages\/2278\/revisions\/2296"}],"wp:attachment":[{"href":"https:\/\/lescreationsdeluce.fr\/index.php\/wp-json\/wp\/v2\/media?parent=2278"}],"curies":[{"name":"wp","href":"https:\/\/api.w.org\/{rel}","templated":true}]}}